{"id":1905,"date":"2017-04-03T22:09:48","date_gmt":"2017-04-03T21:09:48","guid":{"rendered":"https:\/\/dj-jack.pl\/jacekkurzawa\/?page_id=1905"},"modified":"2020-09-05T23:01:01","modified_gmt":"2020-09-05T22:01:01","slug":"akordeony","status":"publish","type":"page","link":"https:\/\/dj-jack.pl\/jacekkurzawa\/akordeony\/","title":{"rendered":"Akordeony"},"content":{"rendered":"\t\t<div data-elementor-type=\"wp-page\" data-elementor-id=\"1905\" class=\"elementor elementor-1905\">\n\t\t\t\t\t\t<section class=\"elementor-section elementor-top-section elementor-element elementor-element-34803a3d elementor-section-stretched elementor-section-boxed elementor-section-height-default elementor-section-height-default\" data-id=\"34803a3d\" data-element_type=\"section\" data-e-type=\"section\" data-settings=\"{&quot;stretch_section&quot;:&quot;section-stretched&quot;}\">\n\t\t\t\t\t\t<div class=\"elementor-container elementor-column-gap-default\">\n\t\t\t\t\t<div class=\"elementor-column elementor-col-100 elementor-top-column elementor-element elementor-element-3380ee3b\" data-id=\"3380ee3b\" data-element_type=\"column\" data-e-type=\"column\">\n\t\t\t<div class=\"elementor-widget-wrap elementor-element-populated\">\n\t\t\t\t\t\t<div class=\"elementor-element elementor-element-5788509e elementor-widget elementor-widget-text-editor\" data-id=\"5788509e\" data-element_type=\"widget\" data-e-type=\"widget\" data-widget_type=\"text-editor.default\">\n\t\t\t\t<div class=\"elementor-widget-container\">\n\t\t\t\t\t\t\t\t\t<p>&nbsp;<\/p>\n<p>Ka\u017cdy instrument posiada swoje brzmienie. Muzyka akordeonowa to du\u017ca rozpi\u0119to\u015b\u0107 brzmie\u0144 i mo\u017cliwo\u015bci artykulacji, jakie daj\u0105 instrumenty&nbsp; &#8211; od ostrych, szybkich d\u017awiek\u00f3wprzez ciep\u0142e &#8222;klarnetowe&#8221; brzmienia do \u0142agodnych, s\u0142odkich i wibruj\u0105cych francuskich musette. Ponadto instrumenty bywaj\u0105: lekkie, ci\u0119zkie, kana\u0142owe, ciche, g\u0142o\u015bne itd. Dlatego nie ma jednego uniwersalnego instrumentu dla Wykonawcy &#8211; do codziennego grania, do nagra\u0144, do \u0107wicze\u0144 i wyst\u0119p\u00f3w jest potrzeba u\u017cycia r\u00f3\u017cnych akordeon\u00f3w.<\/p>\n<p>Obecnie posiadam 4 akordeony:<\/p>\n<ul>\n<li><strong>ELKAVOX 77<\/strong> (1978) &nbsp;LMM &nbsp;3-ch. Na g\u0142osach Scandalli, zamontowane mikrofony na praw\u0105 i lew\u0105 r\u0119k\u0119. &nbsp;Najsolidniejszy z nich, dobre brzmienia w ka\u017cdym&nbsp; uk\u0142adzie i zakresie.<\/li>\n<li><strong>ACME (Excelsior USA) &#8211;&nbsp;<\/strong> 4 ch\u00f3rowy instrument kana\u0142owy<\/li>\n<li><strong>Paolo Soprani<\/strong> Sopravox &nbsp;LMMM (musette) &nbsp;4-ch. Francuski str\u00f3j (raczej &#8222;rozstr\u00f3j&#8221;), musette brzmi po prostu oryginalnie<\/li>\n<li><strong>SCANDALLI &nbsp;Brevetto N57\/51 <\/strong>(1967) LMMH &#8211; 4-ch<\/li>\n<\/ul>\n<div><span style=\"font-family: Roboto, sans-serif;\">&nbsp;<\/span><span style=\"color: var( --e-global-color-text ); font-weight: var( --e-global-typography-text-font-weight ); font-family: Roboto, sans-serif;\">Doskona\u0142a repetycja klawiszy, zawodowe brzmienie, wysoka oktawa, stan idealny.<\/span><span style=\"color: var( --e-global-color-text ); font-weight: var( --e-global-typography-text-font-weight ); font-family: Roboto, sans-serif;\">W latach 1990-2000 gra\u0142em na <\/span><strong style=\"color: var( --e-global-color-text ); font-family: Roboto, sans-serif;\">Hohner Tango V<\/strong><span style=\"color: var( --e-global-color-text ); font-weight: var( --e-global-typography-text-font-weight ); font-family: Roboto, sans-serif;\"> (u\u017cyty na p\u0142ycie &#8222;Piosenka Przypomni Ci&#8221; ) &nbsp;LMMM (musette) &nbsp;4-ch&nbsp; (musette, \u015bpiewne g\u0142osy. To przedwojenny instrument w\u0142oski, kt\u00f3ry &#8222;gra&#8221;) i kilku innych modelach.<\/span><\/div>\t\t\t\t\t\t\t\t<\/div>\n\t\t\t\t<\/div>\n\t\t\t\t\t<\/div>\n\t\t<\/div>\n\t\t\t\t\t<\/div>\n\t\t<\/section>\n\t\t\t\t<\/div>\n\t\t","protected":false},"excerpt":{"rendered":"<p>&nbsp; Ka\u017cdy instrument posiada swoje brzmienie. Muzyka akordeonowa to du\u017ca rozpi\u0119to\u015b\u0107 brzmie\u0144 i mo\u017cliwo\u015bci artykulacji, jakie daj\u0105 instrumenty&nbsp; &#8211; od&hellip;<\/p>\n","protected":false},"author":1,"featured_media":0,"parent":0,"menu_order":0,"comment_status":"closed","ping_status":"closed","template":"","meta":{"footnotes":""},"class_list":["post-1905","page","type-page","status-publish","hentry"],"_links":{"self":[{"href":"https:\/\/dj-jack.pl\/jacekkurzawa\/wp-json\/wp\/v2\/pages\/1905","targetHints":{"allow":["GET"]}}],"collection":[{"href":"https:\/\/dj-jack.pl\/jacekkurzawa\/wp-json\/wp\/v2\/pages"}],"about":[{"href":"https:\/\/dj-jack.pl\/jacekkurzawa\/wp-json\/wp\/v2\/types\/page"}],"author":[{"embeddable":true,"href":"https:\/\/dj-jack.pl\/jacekkurzawa\/wp-json\/wp\/v2\/users\/1"}],"replies":[{"embeddable":true,"href":"https:\/\/dj-jack.pl\/jacekkurzawa\/wp-json\/wp\/v2\/comments?post=1905"}],"version-history":[{"count":16,"href":"https:\/\/dj-jack.pl\/jacekkurzawa\/wp-json\/wp\/v2\/pages\/1905\/revisions"}],"predecessor-version":[{"id":2229,"href":"https:\/\/dj-jack.pl\/jacekkurzawa\/wp-json\/wp\/v2\/pages\/1905\/revisions\/2229"}],"wp:attachment":[{"href":"https:\/\/dj-jack.pl\/jacekkurzawa\/wp-json\/wp\/v2\/media?parent=1905"}],"curies":[{"name":"wp","href":"https:\/\/api.w.org\/{rel}","templated":true}]}}