{"id":1880,"date":"2017-04-03T21:49:07","date_gmt":"2017-04-03T20:49:07","guid":{"rendered":"https:\/\/dj-jack.pl\/jacekkurzawa\/?page_id=1880"},"modified":"2022-03-28T17:16:42","modified_gmt":"2022-03-28T16:16:42","slug":"cd1-piosenka-przypomni-ci","status":"publish","type":"page","link":"https:\/\/dj-jack.pl\/jacekkurzawa\/cd1-piosenka-przypomni-ci\/","title":{"rendered":"Piosenka Przypomni Ci&#8230;  [CD1]"},"content":{"rendered":"\t\t<div data-elementor-type=\"wp-page\" data-elementor-id=\"1880\" class=\"elementor elementor-1880\">\n\t\t\t\t\t\t<section class=\"elementor-section elementor-top-section elementor-element elementor-element-12608a5b elementor-section-stretched elementor-section-boxed elementor-section-height-default elementor-section-height-default\" data-id=\"12608a5b\" data-element_type=\"section\" data-e-type=\"section\" data-settings=\"{&quot;stretch_section&quot;:&quot;section-stretched&quot;}\">\n\t\t\t\t\t\t<div class=\"elementor-container elementor-column-gap-default\">\n\t\t\t\t\t<div class=\"elementor-column elementor-col-100 elementor-top-column elementor-element elementor-element-14be2198\" data-id=\"14be2198\" data-element_type=\"column\" data-e-type=\"column\">\n\t\t\t<div class=\"elementor-widget-wrap elementor-element-populated\">\n\t\t\t\t\t\t<div class=\"elementor-element elementor-element-4db257b8 elementor-widget elementor-widget-text-editor\" data-id=\"4db257b8\" data-element_type=\"widget\" data-e-type=\"widget\" data-widget_type=\"text-editor.default\">\n\t\t\t\t<div class=\"elementor-widget-container\">\n\t\t\t\t\t\t\t\t\t<p><a  href=\"https:\/\/dj-jack.pl\/jacekkurzawa\/wp-content\/uploads\/2017\/04\/plyta_przod_m.jpg\" data-rel=\"lightbox-gallery-0\" data-rl_title=\"\" data-rl_caption=\"\" title=\"\"><img decoding=\"async\" class=\"size-full wp-image-1954 alignnone\" src=\"https:\/\/dj-jack.pl\/jacekkurzawa\/wp-content\/uploads\/2017\/04\/plyta_przod_m.jpg\" alt=\"\" width=\"180\" height=\"179\" srcset=\"https:\/\/dj-jack.pl\/jacekkurzawa\/wp-content\/uploads\/2017\/04\/plyta_przod_m.jpg 180w, https:\/\/dj-jack.pl\/jacekkurzawa\/wp-content\/uploads\/2017\/04\/plyta_przod_m-150x150.jpg 150w, https:\/\/dj-jack.pl\/jacekkurzawa\/wp-content\/uploads\/2017\/04\/plyta_przod_m-151x150.jpg 151w\" sizes=\"(max-width: 180px) 100vw, 180px\" \/> <\/a>\u00a0 \u00a0 \u00a0<a  href=\"https:\/\/dj-jack.pl\/jacekkurzawa\/wp-content\/uploads\/2017\/04\/plyta_m.jpg\" data-rel=\"lightbox-gallery-0\" data-rl_title=\"\" data-rl_caption=\"\" title=\"\"><img decoding=\"async\" class=\"size-full wp-image-1956 alignnone\" src=\"https:\/\/dj-jack.pl\/jacekkurzawa\/wp-content\/uploads\/2017\/04\/plyta_m.jpg\" alt=\"\" width=\"180\" height=\"183\" srcset=\"https:\/\/dj-jack.pl\/jacekkurzawa\/wp-content\/uploads\/2017\/04\/plyta_m.jpg 180w, https:\/\/dj-jack.pl\/jacekkurzawa\/wp-content\/uploads\/2017\/04\/plyta_m-148x150.jpg 148w\" sizes=\"(max-width: 180px) 100vw, 180px\" \/><\/a><\/p><ol><li>Temat z filmu &#8222;Micha\u0142 Strogow&#8221; (Kurier carski)<\/li><li>&#8222;Miasteczko na D\u0142oni&#8221; &#8211; valse musette (z rep. W\u0142. Bie\u017cana)<\/li><li>&#8222;Wi\u015bniowy Sad&#8221; (My Cherry Pink Amour) &#8211; Cha-cha<\/li><li>&#8222;La Paloma&#8221; &#8211; Tango<\/li><li>&#8222;Powr\u00f3t Jask\u00f3\u0142ek&#8221; (Le Retour Des Hirondelles)<\/li><li>&#8222;W + A = E&#8221; (z rep. W\u0142.Bie\u017cana)<\/li><li>&#8222;Wi\u0105zanka Tang&#8221;: Przy kominku, Piosenka Przypomni Ci, Argenty\u0144skie, El Choclo, Tango Milonga, Ma\u0142y Bia\u0142y Domek, Kapita\u0144skie, Jalousie.<\/li><li>&#8222;Herbatka we Dwoje&#8221; (Tee For Two) &#8211; Cha-cha<\/li><li>&#8222;Wi\u0105zanka Polek&#8221;: Ta\u0144cz\u0105ce Palce, Rosamunde, Dziadek (Lato z Radiem).<\/li><\/ol><p><a  href=\"https:\/\/dj-jack.pl\/jacekkurzawa\/wp-content\/uploads\/2017\/04\/plyta_przod_m.jpg\" data-rel=\"lightbox-gallery-0\" data-rl_title=\"\" data-rl_caption=\"\" title=\"\">\u00a0<\/a><\/p><p>Fragmenty utwor\u00f3w:<\/p><p><a href=\"https:\/\/dj-jack.pl\/jacekkurzawa\/wp-content\/uploads\/2017\/04\/MStrogow.mp3\">Micha\u0142 Strogof &#8211; z filmu &#8222;Kurier Carski&#8221;<\/a><\/p><audio class=\"wp-audio-shortcode\" id=\"audio-1880-1\" preload=\"none\" style=\"width: 100%;\" controls=\"controls\"><source type=\"audio\/mpeg\" src=\"https:\/\/dj-jack.pl\/jacekkurzawa\/wp-content\/uploads\/2017\/04\/MStrogow.mp3?_=1\" \/><a href=\"https:\/\/dj-jack.pl\/jacekkurzawa\/wp-content\/uploads\/2017\/04\/MStrogow.mp3\">https:\/\/dj-jack.pl\/jacekkurzawa\/wp-content\/uploads\/2017\/04\/MStrogow.mp3<\/a><\/audio><p><a style=\"font-size: 14.4px;\" href=\"https:\/\/dj-jack.pl\/jacekkurzawa\/new\/wp-content\/uploads\/2017\/04\/WisniowySad.mp3\">Wi\u015bniowy Sad<\/a><\/p><audio class=\"wp-audio-shortcode\" id=\"audio-1880-2\" preload=\"none\" style=\"width: 100%;\" controls=\"controls\"><source type=\"audio\/mpeg\" src=\"https:\/\/dj-jack.pl\/jacekkurzawa\/wp-content\/uploads\/2017\/04\/WisniowySad.mp3?_=2\" \/><a href=\"https:\/\/dj-jack.pl\/jacekkurzawa\/wp-content\/uploads\/2017\/04\/WisniowySad.mp3\">https:\/\/dj-jack.pl\/jacekkurzawa\/wp-content\/uploads\/2017\/04\/WisniowySad.mp3<\/a><\/audio><p><a style=\"font-size: 14.4px;\" href=\"https:\/\/dj-jack.pl\/jacekkurzawa\/new\/wp-content\/uploads\/2017\/04\/LaPaloma.mp3\">La Paloma &#8211; Tango<\/a><\/p><audio class=\"wp-audio-shortcode\" id=\"audio-1880-3\" preload=\"none\" style=\"width: 100%;\" controls=\"controls\"><source type=\"audio\/mpeg\" src=\"https:\/\/dj-jack.pl\/jacekkurzawa\/wp-content\/uploads\/2017\/04\/LaPaloma.mp3?_=3\" \/><a href=\"https:\/\/dj-jack.pl\/jacekkurzawa\/wp-content\/uploads\/2017\/04\/LaPaloma.mp3\">https:\/\/dj-jack.pl\/jacekkurzawa\/wp-content\/uploads\/2017\/04\/LaPaloma.mp3<\/a><\/audio><p><a style=\"font-size: 14.4px;\" href=\"https:\/\/dj-jack.pl\/jacekkurzawa\/wp-content\/uploads\/2017\/04\/PowrJaskolek.mp3\">Powr\u00f3t Jask\u00f3\u0142ek<\/a><\/p><audio class=\"wp-audio-shortcode\" id=\"audio-1880-4\" preload=\"none\" style=\"width: 100%;\" controls=\"controls\"><source type=\"audio\/mpeg\" src=\"https:\/\/dj-jack.pl\/jacekkurzawa\/wp-content\/uploads\/2017\/04\/PowrJaskolek.mp3?_=4\" \/><a href=\"https:\/\/dj-jack.pl\/jacekkurzawa\/wp-content\/uploads\/2017\/04\/PowrJaskolek.mp3\">https:\/\/dj-jack.pl\/jacekkurzawa\/wp-content\/uploads\/2017\/04\/PowrJaskolek.mp3<\/a><\/audio><p><a style=\"font-size: 14.4px;\" href=\"https:\/\/dj-jack.pl\/jacekkurzawa\/wp-content\/uploads\/2017\/04\/WAE.mp3\">W+A=E<\/a><\/p><audio class=\"wp-audio-shortcode\" id=\"audio-1880-5\" preload=\"none\" style=\"width: 100%;\" controls=\"controls\"><source type=\"audio\/mpeg\" src=\"https:\/\/dj-jack.pl\/jacekkurzawa\/new\/wp-content\/uploads\/2017\/04\/WAE.mp3?_=5\" \/><a href=\"https:\/\/dj-jack.pl\/jacekkurzawa\/new\/wp-content\/uploads\/2017\/04\/WAE.mp3\">https:\/\/dj-jack.pl\/jacekkurzawa\/new\/wp-content\/uploads\/2017\/04\/WAE.mp3<\/a><\/audio><p><a style=\"font-size: 14.4px;\" href=\"https:\/\/dj-jack.pl\/jacekkurzawa\/wp-content\/uploads\/2017\/04\/WiazankaTang.mp3\">Wi\u0105zanka Tang<\/a><\/p><audio class=\"wp-audio-shortcode\" id=\"audio-1880-6\" preload=\"none\" style=\"width: 100%;\" controls=\"controls\"><source type=\"audio\/mpeg\" src=\"https:\/\/dj-jack.pl\/jacekkurzawa\/wp-content\/uploads\/2017\/04\/WiazankaTang.mp3?_=6\" \/><a href=\"https:\/\/dj-jack.pl\/jacekkurzawa\/wp-content\/uploads\/2017\/04\/WiazankaTang.mp3\">https:\/\/dj-jack.pl\/jacekkurzawa\/wp-content\/uploads\/2017\/04\/WiazankaTang.mp3<\/a><\/audio><p><a style=\"font-size: 14.4px;\" href=\"https:\/\/dj-jack.pl\/jacekkurzawa\/wp-content\/uploads\/2017\/04\/HerbatkaWeDwoje.mp3\">Tee For Two<\/a><\/p><audio class=\"wp-audio-shortcode\" id=\"audio-1880-7\" preload=\"none\" style=\"width: 100%;\" controls=\"controls\"><source type=\"audio\/mpeg\" src=\"https:\/\/dj-jack.pl\/jacekkurzawa\/wp-content\/uploads\/2017\/04\/HerbatkaWeDwoje.mp3?_=7\" \/><a href=\"https:\/\/dj-jack.pl\/jacekkurzawa\/wp-content\/uploads\/2017\/04\/HerbatkaWeDwoje.mp3\">https:\/\/dj-jack.pl\/jacekkurzawa\/wp-content\/uploads\/2017\/04\/HerbatkaWeDwoje.mp3<\/a><\/audio><p><a style=\"font-size: 14.4px;\" href=\"https:\/\/dj-jack.pl\/jacekkurzawa\/wp-content\/uploads\/2017\/04\/Wiazanka_Polek.mp3\">Wi\u0105zanka Polek<\/a><\/p><audio class=\"wp-audio-shortcode\" id=\"audio-1880-8\" preload=\"none\" style=\"width: 100%;\" controls=\"controls\"><source type=\"audio\/mpeg\" src=\"https:\/\/dj-jack.pl\/jacekkurzawa\/wp-content\/uploads\/2017\/04\/Wiazanka_Polek.mp3?_=8\" \/><a href=\"https:\/\/dj-jack.pl\/jacekkurzawa\/wp-content\/uploads\/2017\/04\/Wiazanka_Polek.mp3\">https:\/\/dj-jack.pl\/jacekkurzawa\/wp-content\/uploads\/2017\/04\/Wiazanka_Polek.mp3<\/a><\/audio><p>Gitara basowa:\u00a0Marcin Saktura\u00a0 (<a href=\"https:\/\/www.saku.pl\/muzyka\/\" target=\"_blank\" rel=\"noopener\">www &gt;&gt;<\/a> ).<\/p><p>Do nagra\u0144 u\u017cyto:<\/p><ul><li>akordeon HOHNER Tango V, (rok prod. 1938, 4-ch\u00f3rowy),<\/li><li>Yamaha DX-7 IID,<\/li><li>Korg 01 Wfd,<\/li><li>Roland E-70.<\/li><\/ul><p>Rejestracja materia\u0142u odby\u0142a si\u0119 na cyfrowym no\u015bniku &#8211;\u00a0 twardodyskowym wielo\u015bladzie <a href=\"https:\/\/www.google.com\/search?q=Fostex+DMT-8\" target=\"_blank\" rel=\"noopener\">Fostex DMT-8<\/a>. w studio &#8222;DESIGNER&#8221; w Tomaszowie Maz.\u00a0<span style=\"font-size: 19.2px;\">Premiera p\u0142yty na no\u015bniku CD mia\u0142a miejsce 18.06.2006 r.<\/span><\/p><p>Nagrania, mastering, produkcja &#8211; Jacek Kurzawa.<\/p><p><a href=\"https:\/\/dj-jack.pl\/jacekkurzawa\/new\/cd2-pod-dachami-paryza\/\">CD2 &#8211; Pod Dachami Pary\u017ca&#8230;<\/a><\/p>\t\t\t\t\t\t\t\t<\/div>\n\t\t\t\t<\/div>\n\t\t\t\t\t<\/div>\n\t\t<\/div>\n\t\t\t\t\t<\/div>\n\t\t<\/section>\n\t\t\t\t<section class=\"elementor-section elementor-top-section elementor-element elementor-element-97b6b27 elementor-section-boxed elementor-section-height-default elementor-section-height-default\" data-id=\"97b6b27\" data-element_type=\"section\" data-e-type=\"section\">\n\t\t\t\t\t\t<div class=\"elementor-container elementor-column-gap-default\">\n\t\t\t\t\t<div class=\"elementor-column elementor-col-100 elementor-top-column elementor-element elementor-element-b4f9072\" data-id=\"b4f9072\" data-element_type=\"column\" data-e-type=\"column\">\n\t\t\t<div class=\"elementor-widget-wrap elementor-element-populated\">\n\t\t\t\t\t\t<div class=\"elementor-element elementor-element-b9f7953 elementor-align-center elementor-invisible elementor-widget elementor-widget-button\" data-id=\"b9f7953\" data-element_type=\"widget\" data-e-type=\"widget\" data-settings=\"{&quot;_animation&quot;:&quot;bounceIn&quot;}\" data-widget_type=\"button.default\">\n\t\t\t\t<div class=\"elementor-widget-container\">\n\t\t\t\t\t\t\t\t\t<div class=\"elementor-button-wrapper\">\n\t\t\t\t\t<a class=\"elementor-button elementor-button-link elementor-size-sm\" href=\"https:\/\/allegro.pl\/listing?string=jacek%20kurzawa%20cd&#038;bmatch=baseline-product-cl-eyesa2-engag-dict45-uni-1-3-0717\" target=\"_blank\" rel=\"noopener\">\n\t\t\t\t\t\t<span class=\"elementor-button-content-wrapper\">\n\t\t\t\t\t\t\t\t\t<span class=\"elementor-button-text\">ALLEGRO<\/span>\n\t\t\t\t\t<\/span>\n\t\t\t\t\t<\/a>\n\t\t\t\t<\/div>\n\t\t\t\t\t\t\t\t<\/div>\n\t\t\t\t<\/div>\n\t\t\t\t\t<\/div>\n\t\t<\/div>\n\t\t\t\t\t<\/div>\n\t\t<\/section>\n\t\t\t\t<\/div>\n\t\t","protected":false},"excerpt":{"rendered":"<p>\u00a0 \u00a0 \u00a0 Temat z filmu &#8222;Micha\u0142 Strogow&#8221; (Kurier carski) &#8222;Miasteczko na D\u0142oni&#8221; &#8211; valse musette (z rep. W\u0142. Bie\u017cana)&hellip;<\/p>\n","protected":false},"author":1,"featured_media":0,"parent":0,"menu_order":0,"comment_status":"closed","ping_status":"closed","template":"","meta":{"footnotes":""},"class_list":["post-1880","page","type-page","status-publish","hentry"],"_links":{"self":[{"href":"https:\/\/dj-jack.pl\/jacekkurzawa\/wp-json\/wp\/v2\/pages\/1880","targetHints":{"allow":["GET"]}}],"collection":[{"href":"https:\/\/dj-jack.pl\/jacekkurzawa\/wp-json\/wp\/v2\/pages"}],"about":[{"href":"https:\/\/dj-jack.pl\/jacekkurzawa\/wp-json\/wp\/v2\/types\/page"}],"author":[{"embeddable":true,"href":"https:\/\/dj-jack.pl\/jacekkurzawa\/wp-json\/wp\/v2\/users\/1"}],"replies":[{"embeddable":true,"href":"https:\/\/dj-jack.pl\/jacekkurzawa\/wp-json\/wp\/v2\/comments?post=1880"}],"version-history":[{"count":50,"href":"https:\/\/dj-jack.pl\/jacekkurzawa\/wp-json\/wp\/v2\/pages\/1880\/revisions"}],"predecessor-version":[{"id":2242,"href":"https:\/\/dj-jack.pl\/jacekkurzawa\/wp-json\/wp\/v2\/pages\/1880\/revisions\/2242"}],"wp:attachment":[{"href":"https:\/\/dj-jack.pl\/jacekkurzawa\/wp-json\/wp\/v2\/media?parent=1880"}],"curies":[{"name":"wp","href":"https:\/\/api.w.org\/{rel}","templated":true}]}}