{"id":1875,"date":"2017-04-03T21:40:05","date_gmt":"2017-04-03T20:40:05","guid":{"rendered":"https:\/\/dj-jack.pl\/jacekkurzawa\/?page_id=1875"},"modified":"2022-03-27T15:18:47","modified_gmt":"2022-03-27T14:18:47","slug":"media","status":"publish","type":"page","link":"https:\/\/dj-jack.pl\/jacekkurzawa\/media\/","title":{"rendered":"Media"},"content":{"rendered":"<h1><\/h1>\n<ul>\n<li><a href=\"https:\/\/dj-jack.pl\/jacekkurzawa\/koncerty\/wywiad-w-tv-tomaszow\/\">Wywiad w TV Tomasz\u00f3w 2017<\/a><\/li>\n<li><a href=\"https:\/\/dj-jack.pl\/jacekkurzawa\/koncerty\/dni-inowlodza-2017-filmy\/\">Dni Inow\u0142odza 2017<\/a><\/li>\n<li><a title=\"Kielce KCK\" href=\"http:\/\/kielce.naszemiasto.pl\/artykul\/kielce-scena-letnia-kck-koncert-jacka-kurzawy,537274,art,t,id,tm.html\" target=\"_blank\" rel=\"noopener noreferrer\">Zapowied\u017a koncertu Kielce KCK (20.8.2010)<\/a><\/li>\n<li><a href=\"http:\/\/www.plasterlodzki.pl\/kalendarz-imprez\/details\/4983-niedziela-w-rodliskach\" target=\"_blank\" rel=\"noopener\">Park \u0179r\u00f3dliska, \u0141\u00f3d\u017a (15.08.2010)<\/a><\/li>\n<li><a href=\"https:\/\/web.archive.org\/web\/20160325231557\/http:\/\/pajpress.com.pl\/top\/artykuly\/2009\/34\/bialaczow.html\" target=\"_blank\" rel=\"noopener\">Do\u017cynki &#8211; Bia\u0142acz\u00f3w, 2009<\/a><\/li>\n<li><a href=\"https:\/\/web.archive.org\/web\/20160325231557\/http:\/\/www.tomaszow.bai.pl\/?aktualnosci=infobai_info_wiecej&amp;id_nius=2060\" target=\"_blank\" rel=\"noopener\">Zapowied\u017a <\/a>&#8211; Do\u017cynki, 2006 &#8211; Rzeczyca<\/li>\n<li><a href=\"https:\/\/web.archive.org\/web\/20160325231557\/http:\/\/www.tomaszow.pl\/news\/?news=332\" target=\"_blank\" rel=\"noopener\">Zapowied\u017a koncertu w portalu tomaszow.pl <\/a>(9.11.2005 r.)<\/li>\n<li><a href=\"http:\/\/www.wici.info\/modules.php?name=Kalendarz&amp;op=view&amp;eid=3925\" target=\"_blank\" rel=\"noopener\">Zapowied\u017a koncertu w Pa\u0142acyku Zieli\u0144skiego w Kielcach<\/a>, Wici.info (maj 2005 r.)<\/li>\n<\/ul>\n","protected":false},"excerpt":{"rendered":"<p>Wywiad w TV Tomasz\u00f3w 2017 Dni Inow\u0142odza 2017 Zapowied\u017a koncertu Kielce KCK (20.8.2010) Park \u0179r\u00f3dliska, \u0141\u00f3d\u017a (15.08.2010) Do\u017cynki &#8211; Bia\u0142acz\u00f3w,&hellip;<\/p>\n","protected":false},"author":1,"featured_media":0,"parent":0,"menu_order":0,"comment_status":"closed","ping_status":"closed","template":"","meta":{"footnotes":""},"class_list":["post-1875","page","type-page","status-publish","hentry"],"_links":{"self":[{"href":"https:\/\/dj-jack.pl\/jacekkurzawa\/wp-json\/wp\/v2\/pages\/1875","targetHints":{"allow":["GET"]}}],"collection":[{"href":"https:\/\/dj-jack.pl\/jacekkurzawa\/wp-json\/wp\/v2\/pages"}],"about":[{"href":"https:\/\/dj-jack.pl\/jacekkurzawa\/wp-json\/wp\/v2\/types\/page"}],"author":[{"embeddable":true,"href":"https:\/\/dj-jack.pl\/jacekkurzawa\/wp-json\/wp\/v2\/users\/1"}],"replies":[{"embeddable":true,"href":"https:\/\/dj-jack.pl\/jacekkurzawa\/wp-json\/wp\/v2\/comments?post=1875"}],"version-history":[{"count":11,"href":"https:\/\/dj-jack.pl\/jacekkurzawa\/wp-json\/wp\/v2\/pages\/1875\/revisions"}],"predecessor-version":[{"id":2238,"href":"https:\/\/dj-jack.pl\/jacekkurzawa\/wp-json\/wp\/v2\/pages\/1875\/revisions\/2238"}],"wp:attachment":[{"href":"https:\/\/dj-jack.pl\/jacekkurzawa\/wp-json\/wp\/v2\/media?parent=1875"}],"curies":[{"name":"wp","href":"https:\/\/api.w.org\/{rel}","templated":true}]}}